{"id":1240,"date":"2023-10-08T14:09:30","date_gmt":"2023-10-08T12:09:30","guid":{"rendered":"http:\/\/deserveit.eu\/produkt\/masterclass-monika-witek\/"},"modified":"2025-07-23T13:44:11","modified_gmt":"2025-07-23T11:44:11","slug":"masterclass-monika-witek","status":"publish","type":"product","link":"https:\/\/deserveit.eu\/it\/produkt\/masterclass-monika-witek\/","title":{"rendered":"Masterclass Monika Witek"},"content":{"rendered":"<p>Masterclass di trucco soft con la make-up artist polacca Monika Witek.<br \/>\nMonika Witek - make-up artist polacca con molti anni di esperienza. Si occupa di make-up dal 2011. <\/p>\n<p>Monika si \u00e8 formata con i migliori make-up artist sia in Polonia che all&#8217;estero come: Mario Dedivanovic, Danessa Myrics, Valery Piminova, Ortal Azizada, IDORA o Harry Jefferson.<br \/>\nSi specializza quotidianamente in make-up per matrimoni, che sono molto popolari.<br \/>\nPartecipa a numerosi servizi fotografici e programmi televisivi.<\/p>\n<p>Ha anche avuto diverse pubblicazioni su riviste specializzate: Harpers Bazaar, Gentelmen, Wedding Magazine e su <a href=\"http:\/\/glamour.pl\/\" target=\"_blank\" rel=\"noopener nofollow\" data-saferedirecturl=\"https:\/\/www.google.com\/url?q=http:\/\/glamour.pl\/&amp;source=gmail&amp;ust=1697212813479000&amp;usg=AOvVaw1NXYrpt9rMcsBpm6Z8kZdp\">Glamour.pl.<\/a> Ha collaborato a un progetto in cui uno dei principali mecenati era VOUGE e Wysokie Obsacy, e ha creato il make-up per il servizio fotografico principale per Mosiks Jewellery, creato da Monika Soza\u0144ska, plurimedagliata ai campionati mondiali ed europei di scherma.<\/p>\n<p>I make-up che Monika presenter\u00e0 sono la quintessenza della femminilit\u00e0, che si manifesta in una sottile ma espressiva evidenziazione dei nostri beni. Una pelle splendidamente luminosa e dall&#8217;aspetto sano, un viso sottilmente delineato e un occhio evidenziato su misura per soddisfare la bellezza della cliente. Durante il workshop, Monica presenter\u00e0 2 look di make-up che le sue clienti amano! Sono caratterizzati da una straordinaria leggerezza, purezza e, allo stesso tempo, chiarezza!   <\/p>\n<p>Monika condivider\u00e0 la sua tecnica originale e sveler\u00e0 i segreti del lavoro con i clienti. Presenter\u00e0 inoltre i suoi prodotti preferiti e parler\u00e0 del loro utilizzo nel make-up. <\/p>\n<p>Alle dimostrazioni seguir\u00e0 anche una parte pratica del workshop per un numero limitato di persone.<\/p>\n<p>*LA FORMAZIONE SAR\u00c0 TRADOTTA IN ITALIANO!!!<\/p>\n<p>Programma:<br \/>\n09:00 -10:00 registrazione dei partecipanti<br \/>\n10:00 - 12:30 prima dimostrazione di trucco<br \/>\n12:30 - 13:30 pausa caff\u00e8\/foto<br \/>\n13:30 - 15:30 seconda dimostrazione di trucco<br \/>\n15:30 -16:30 pausa caff\u00e8\/foto<br \/>\n16:30 -18:30 workshop pratico<br \/>\n19:00 - fine del workshop<\/p>\n<p>Cosa includono i biglietti?<\/p>\n<p>Biglietto standard<br \/>\n- partecipazione a 2 dimostrazioni di trucco con Monika Witek trasmesse in diretta su schermi Full HD<br \/>\n- certificato di partecipazione<br \/>\n- coffee break<\/p>\n<p>Biglietto VIP standard<br \/>\n- partecipazione a 2 dimostrazioni di trucco con Monika Witek trasmesse in diretta su schermi Full HD<br \/>\n- posto in prima fila<br \/>\n- certificato di partecipazione<br \/>\n- coffee break<\/p>\n<p>Biglietto Premium<br \/>\n- partecipazione a 2 dimostrazioni di trucco con Monika Witek trasmesse in diretta su schermi Full HD<br \/>\n- laboratori pratici (non forniamo modelle per la parte pratica)<br \/>\n- attestato di partecipazione<br \/>\n- coffee break<\/p>\n<p>Biglietto VIP Premium<br \/>\n- partecipazione a 2 spettacoli di make-up con Monika Witek trasmessi in diretta su schermi in qualit\u00e0 Full HD<br \/>\n- workshop pratici (non forniamo modelli per la parte pratica)<br \/>\n- posto in prima fila<br \/>\n- certificato di partecipazione<br \/>\n- coffee break<\/p>\n<p>*Nota: ALLE PERSONE CHE PARTECIPANO ALLA PARTE PRATICA - NON FORNIAMO MODELLE !!! Le modelle si organizzano da sole.<br \/>\nLASCIAMO ANCHE I TUOI SPAZZOLONI, EYELINER Mascara, MIRACOLI, PELLICCINI E COSMETICI PREFERITI<\/p>\n","protected":false},"excerpt":{"rendered":"<p>Masterclass di trucco soft con la make-up artist polacca Monika Witek.<\/p>\n<p>I make-up che Monika presenter\u00e0 sono la quintessenza della femminilit\u00e0, che si manifesta in una sottile ma espressiva evidenziazione dei nostri beni. Una pelle splendidamente luminosa e dall&#8217;aspetto sano, un viso sottilmente delineato e un occhio evidenziato su misura per soddisfare la bellezza della cliente. Durante il workshop, Monica presenter\u00e0 2 look di make-up che le sue clienti amano! Sono caratterizzati da una straordinaria leggerezza, purezza e, allo stesso tempo, chiarezza!   <\/p>\n<p>Monika condivider\u00e0 la sua tecnica originale e sveler\u00e0 i segreti del lavoro con i clienti. Presenter\u00e0 inoltre i suoi prodotti preferiti e parler\u00e0 del loro utilizzo nel make-up. <\/p>\n<p>Alle dimostrazioni seguir\u00e0 anche una parte pratica del workshop per un numero limitato di persone.<\/p>\n<p>Biglietti disponibili:<br \/>\nSTANDARD - 2 spettacoli di trucco<br \/>\nSTANDARD VIP - 2 spettacoli di trucco + un posto in prima fila<br \/>\nPREMIUM - 2 spettacoli di trucco + una parte pratica<br \/>\nPREMIUM VIP - 2 spettacoli di trucco + una parte pratica + un posto in prima fila<\/p>\n","protected":false},"featured_media":1148,"comment_status":"closed","ping_status":"closed","template":"","meta":[],"product_brand":[],"product_cat":[39],"product_tag":[],"class_list":{"0":"post-1240","1":"product","2":"type-product","3":"status-publish","4":"has-post-thumbnail","6":"product_cat-masterclass-it","8":"first","9":"outofstock","10":"taxable","11":"shipping-taxable","12":"product-type-variable"},"_links":{"self":[{"href":"https:\/\/deserveit.eu\/it\/wp-json\/wp\/v2\/product\/1240","targetHints":{"allow":["GET"]}}],"collection":[{"href":"https:\/\/deserveit.eu\/it\/wp-json\/wp\/v2\/product"}],"about":[{"href":"https:\/\/deserveit.eu\/it\/wp-json\/wp\/v2\/types\/product"}],"replies":[{"embeddable":true,"href":"https:\/\/deserveit.eu\/it\/wp-json\/wp\/v2\/comments?post=1240"}],"wp:featuredmedia":[{"embeddable":true,"href":"https:\/\/deserveit.eu\/it\/wp-json\/wp\/v2\/media\/1148"}],"wp:attachment":[{"href":"https:\/\/deserveit.eu\/it\/wp-json\/wp\/v2\/media?parent=1240"}],"wp:term":[{"taxonomy":"product_brand","embeddable":true,"href":"https:\/\/deserveit.eu\/it\/wp-json\/wp\/v2\/product_brand?post=1240"},{"taxonomy":"product_cat","embeddable":true,"href":"https:\/\/deserveit.eu\/it\/wp-json\/wp\/v2\/product_cat?post=1240"},{"taxonomy":"product_tag","embeddable":true,"href":"https:\/\/deserveit.eu\/it\/wp-json\/wp\/v2\/product_tag?post=1240"}],"curies":[{"name":"wp","href":"https:\/\/api.w.org\/{rel}","templated":true}]}}