{"id":1581,"date":"2024-09-29T10:24:21","date_gmt":"2024-09-29T08:24:21","guid":{"rendered":"http:\/\/deserveit.eu\/?post_type=product&#038;p=1581"},"modified":"2025-07-24T13:09:43","modified_gmt":"2025-07-24T11:09:43","slug":"masterclass-ortal-azizada","status":"publish","type":"product","link":"https:\/\/deserveit.eu\/it\/produkt\/masterclass-ortal-azizada\/","title":{"rendered":"Masterclass Ortal Azizada"},"content":{"rendered":"<p>Masterclass di trucco con la star internazionale del trucco Ortal Azizada.<\/p>\n<div class=\"x11i5rnm xat24cr x1mh8g0r x1vvkbs xtlvy1s\">ORTAL AZIZDA \u00e8 una vera e propria maestra del make-up che colpisce per il suo stile e la sua tecnica unici.<\/div>\n<div class=\"x11i5rnm xat24cr x1mh8g0r x1vvkbs xtlvy1s\">La regina del make-up su Instagram e star del trucco da sposa presenter\u00e0 la sua tecnica unica a Milano!<\/div>\n<div class=\"x11i5rnm xat24cr x1mh8g0r x1vvkbs xtlvy1s\"><br class=\"html-br\" \/><span class=\"html-span xexx8yu x4uap5 x18d9i69 xkhd6sd x1hl2dhg x16tdsg8 x1vvkbs x3nfvp2 x1j61x8r x1fcty0u xdj266r xat24cr xgzva0m xhhsvwb xxymvpz xlup9mm x1kky2od\"><img decoding=\"async\" class=\"xz74otr\" src=\"https:\/\/static.xx.fbcdn.net\/images\/emoji.php\/v9\/tcd\/2\/16\/25aa.png\" alt=\"\u25aa\" width=\"16\" height=\"16\" \/>I<\/span> <span class=\"html-span xexx8yu x4uap5 x18d9i69 xkhd6sd x1hl2dhg x16tdsg8 x1vvkbs x3nfvp2 x1j61x8r x1fcty0u xdj266r xat24cr xgzva0m xhhsvwb xxymvpz xlup9mm x1kky2od\">make-up<\/span> che Ortal Azizada realizzer\u00e0 sono la quintessenza della femminilit\u00e0, che si manifesta attraverso una sottile ma espressiva evidenziazione dei nostri beni.<\/div>\n<div><span class=\"html-span xexx8yu x4uap5 x18d9i69 xkhd6sd x1hl2dhg x16tdsg8 x1vvkbs x3nfvp2 x1j61x8r x1fcty0u xdj266r xat24cr xgzva0m xhhsvwb xxymvpz xlup9mm x1kky2od\"><img decoding=\"async\" class=\"xz74otr\" src=\"https:\/\/static.xx.fbcdn.net\/images\/emoji.php\/v9\/tcd\/2\/16\/25aa.png\" alt=\"\u25aa\" width=\"16\" height=\"16\" \/><\/span>Ortal condivider\u00e0 la sua tecnica magistrale e riveler\u00e0 i segreti del lavoro con i clienti. Presenter\u00e0 inoltre i suoi prodotti preferiti e parler\u00e0 del loro utilizzo nel make-up.<\/div>\n<div><span class=\"html-span xexx8yu x4uap5 x18d9i69 xkhd6sd x1hl2dhg x16tdsg8 x1vvkbs x3nfvp2 x1j61x8r x1fcty0u xdj266r xat24cr xgzva0m xhhsvwb xxymvpz xlup9mm x1kky2od\"><img decoding=\"async\" class=\"xz74otr\" src=\"https:\/\/static.xx.fbcdn.net\/images\/emoji.php\/v9\/tcd\/2\/16\/25aa.png\" alt=\"\u25aa\" width=\"16\" height=\"16\" \/><\/span>Durante il workshop, Ortal presenter\u00e0 2 make-up look che sono amati dalle clienti di tutto il mondo! Sono caratterizzati da una straordinaria leggerezza, purezza e, allo stesso tempo, chiarezza!<\/div>\n<div><br class=\"html-br\" \/>Ortal ha gi\u00e0 tenuto le sue masterclass internazionali in Polonia, Parigi, Regno Unito, Stati Uniti, Grecia, Parigi e Italia, ed \u00e8 ora di farne un&#8217;altra!<\/div>\n<div>Alcune parole di Ortal: \"Mi chiamo Ortal Azizada, sono una make-up artist internazionale che ha lavorato con migliaia di spose e clienti per varie occasioni. Nel corso degli anni ho sviluppato tecniche speciali con un&#8217;ampia gamma di texture e metodi di applicazione per garantire un make-up di lunga durata. La mia masterclass \u00e8 pensata per darti la formazione necessaria per avere successo nella tua carriera di make-up artist professionista. Ti mostrer\u00f2 come creare un make-up dall&#8217;aspetto glamour e radioso, pronto per il red carpet, incluso come disegnare magnificamente la forma degli occhi con le ciglia e tanti consigli da utilizzare sui tuoi clienti\".<\/div>\n<p><span class=\"html-span xexx8yu x4uap5 x18d9i69 xkhd6sd x1hl2dhg x16tdsg8 x1vvkbs x3nfvp2 x1j61x8r x1fcty0u xdj266r xat24cr xgzva0m xhhsvwb xxymvpz xlup9mm x1kky2od\"><img decoding=\"async\" class=\"xz74otr\" src=\"https:\/\/static.xx.fbcdn.net\/images\/emoji.php\/v9\/t92\/2\/16\/1f539.png\" alt=\"\ud83d\udd39\" width=\"16\" height=\"16\" \/><\/span>Sono benvenuti sia i professionisti che i truccatori principianti, tutti gli appassionati di make-up che vogliono ampliare il loro flusso di lavoro! L&#8217;evento sar\u00e0 eseguito da Ortal in inglese con traduzione in diretta in italiano.<\/p>\n<p>Il luogo esatto dell&#8217;evento:<br \/>\nRadisson Blu Milan,Italy<br \/>\nVia Villapizzone, 24<br \/>\nCONFERENCE CENTRE ENTRY<\/p>\n<p>Programma: 19.01 - MAKEUP SHOWS<br \/>\n09:00 -10:00 registrazione dei partecipanti<br \/>\n10:00 - 12:30 prima dimostrazione di trucco<br \/>\n12:30 - 13:30 pausa caff\u00e8 \/ pranzo \/ foto<br \/>\n13:30 - 16:30 seconda dimostrazione di trucco<br \/>\n16:30 - 17:30 foto 17:30 - fine del workshop<\/p>\n<p>20.01 - WORKSHOP PRATICI<br \/>\n9:00 - 12:00 Gruppo 1<\/p>\n<p>13:00- 16:00 Gruppo 2<\/p>\n<p>17:00 - 20:00 Gruppo 3<\/p>\n<p>Cosa includono i biglietti?<br \/>\nBiglietto Standard:<br \/>\n- partecipazione a 2 dimostrazioni di trucco con Ortal Azizada trasmesse in diretta su schermi in qualit\u00e0 Full HD<br \/>\n- certificato di partecipazione<br \/>\n- coffee break<br \/>\n-GIFT BAG<\/p>\n<p>Biglietto VIP standard<br \/>\n- partecipazione a 2 dimostrazioni di trucco con Ortal Azizada trasmesse in diretta su schermi in qualit\u00e0 Full HD<br \/>\n-.un posto nelle prime 2 file<br \/>\n-certificato di\u00a0partecipazione<br \/>\n-coffee break<br \/>\n-GIFT BAG<\/p>\n<p>Biglietto Premium*<br \/>\n-partecipazione a 2 dimostrazioni di make-up con Ortal Azizada trasmesse in diretta su schermi in qualit\u00e0 Full HD<br \/>\n-laboratori pratici 20.01 <strong>(L&#8217;organizzatore non fornisce modelli per la parte pratica!)<\/strong><br \/>\n-certificato di partecipazione<br \/>\n-coffee break<br \/>\n-GIFT BAG<\/p>\n<p>Biglietto Premium VIP*<br \/>\n-partecipazione a 2 spettacoli di make-up con Ortal Azizada trasmessi in diretta su schermi in qualit\u00e0 Full HD<br \/>\n-workshop pratici 20.01 <strong>(L&#8217;organizzatore non fornisce modelli per la parte pratica!)<\/strong><br \/>\n- posto nelle prime 2 file<br \/>\n- certificato di partecipazione<br \/>\n- coffee break<br \/>\n- GIFT BAG<\/p>\n<p>*Nota: ALLE PERSONE CHE PARTECIPANO ALLA PARTE PRATICA - Non forniamo modelle! I modelli sono organizzati internamente. Si prega di iscrivere i modelli al massimo una settimana prima dell&#8217;evento.<br \/>\nI laboratori pratici si svolgeranno il 20.01. PORTATE I VOSTRI PENNELLI, MASCARA, SPUGNE, CIGLIA FINTE E I VOSTRI COSMETICI PREFERITI. Inoltre, ci sar\u00e0 la possibilit\u00e0 di testare i cosmetici Ortal.<\/p>\n","protected":false},"excerpt":{"rendered":"<p>Masterclass di trucco con la star internazionale del trucco Ortal Azizada.<\/p>\n<div class=\"x11i5rnm xat24cr x1mh8g0r x1vvkbs xtlvy1s\">ORTAL AZIZDA \u00e8 una vera e propria maestra del make-up che colpisce per il suo stile e la sua tecnica unici.<\/div>\n<div class=\"x11i5rnm xat24cr x1mh8g0r x1vvkbs xtlvy1s\">La regina del make-up su Instagram e star del trucco da sposa presenter\u00e0 la sua tecnica unica a Milano!<\/div>\n<div class=\"x11i5rnm xat24cr x1mh8g0r x1vvkbs xtlvy1s\"><\/div>\n<div><span class=\"html-span xexx8yu x4uap5 x18d9i69 xkhd6sd x1hl2dhg x16tdsg8 x1vvkbs x3nfvp2 x1j61x8r x1fcty0u xdj266r xat24cr xgzva0m xhhsvwb xxymvpz xlup9mm x1kky2od\"><img decoding=\"async\" class=\"xz74otr\" src=\"https:\/\/static.xx.fbcdn.net\/images\/emoji.php\/v9\/tcd\/2\/16\/25aa.png\" alt=\"\u25aa\" width=\"16\" height=\"16\" \/><\/span>Ortal condivider\u00e0 la sua tecnica magistrale e riveler\u00e0 i segreti del lavoro con i clienti. Presenter\u00e0 inoltre i suoi prodotti preferiti e parler\u00e0 del loro utilizzo nel make-up.<\/div>\n<div><span class=\"html-span xexx8yu x4uap5 x18d9i69 xkhd6sd x1hl2dhg x16tdsg8 x1vvkbs x3nfvp2 x1j61x8r x1fcty0u xdj266r xat24cr xgzva0m xhhsvwb xxymvpz xlup9mm x1kky2od\"><img decoding=\"async\" class=\"xz74otr\" src=\"https:\/\/static.xx.fbcdn.net\/images\/emoji.php\/v9\/tcd\/2\/16\/25aa.png\" alt=\"\u25aa\" width=\"16\" height=\"16\" \/><\/span>Durante il workshop, Ortal presenter\u00e0 due make-up: da sposa e da sera, che sono amati dalle clienti di tutto il mondo!<\/div>\n<p>Il secondo giorno ci sar\u00e0 anche una parte pratica del workshop per un numero limitato di persone. L&#8217;evento sar\u00e0 eseguito da Ortal in inglese con traduzione in diretta in italiano.<\/p>\n<p>Il luogo esatto dell&#8217;evento:<br \/>\nRadisson Blu Milan,Italy<br \/>\nVia Villapizzone, 24<br \/>\nCONFERENCE CENTRE ENTRY<\/p>\n<p>Biglietti disponibili:<\/p>\n<ul>\n<li>STANDARD - 2 make-up show<\/li>\n<li>STANDARD VIP - 2 make-up show + un posto nelle prime 2 file<\/li>\n<li>PREMIUM - 2 make-up show + parte pratica<\/li>\n<li>PREMIUM VIP - 2 make-up show + parte pratica + un posto nelle prime 2 file<\/li>\n<\/ul>\n","protected":false},"featured_media":1610,"comment_status":"closed","ping_status":"closed","template":"","meta":[],"product_brand":[],"product_cat":[39],"product_tag":[],"class_list":{"0":"post-1581","1":"product","2":"type-product","3":"status-publish","4":"has-post-thumbnail","6":"product_cat-masterclass-it","8":"first","9":"outofstock","10":"taxable","11":"shipping-taxable","12":"product-type-variable"},"_links":{"self":[{"href":"https:\/\/deserveit.eu\/it\/wp-json\/wp\/v2\/product\/1581","targetHints":{"allow":["GET"]}}],"collection":[{"href":"https:\/\/deserveit.eu\/it\/wp-json\/wp\/v2\/product"}],"about":[{"href":"https:\/\/deserveit.eu\/it\/wp-json\/wp\/v2\/types\/product"}],"replies":[{"embeddable":true,"href":"https:\/\/deserveit.eu\/it\/wp-json\/wp\/v2\/comments?post=1581"}],"wp:featuredmedia":[{"embeddable":true,"href":"https:\/\/deserveit.eu\/it\/wp-json\/wp\/v2\/media\/1610"}],"wp:attachment":[{"href":"https:\/\/deserveit.eu\/it\/wp-json\/wp\/v2\/media?parent=1581"}],"wp:term":[{"taxonomy":"product_brand","embeddable":true,"href":"https:\/\/deserveit.eu\/it\/wp-json\/wp\/v2\/product_brand?post=1581"},{"taxonomy":"product_cat","embeddable":true,"href":"https:\/\/deserveit.eu\/it\/wp-json\/wp\/v2\/product_cat?post=1581"},{"taxonomy":"product_tag","embeddable":true,"href":"https:\/\/deserveit.eu\/it\/wp-json\/wp\/v2\/product_tag?post=1581"}],"curies":[{"name":"wp","href":"https:\/\/api.w.org\/{rel}","templated":true}]}}