{"id":2045,"date":"2025-06-08T20:59:23","date_gmt":"2025-06-08T18:59:23","guid":{"rendered":"http:\/\/deserveit.eu\/?post_type=product&#038;p=2045"},"modified":"2025-11-29T09:52:50","modified_gmt":"2025-11-29T07:52:50","slug":"masterclass-ortal-azizada-kopia-kopia-2","status":"publish","type":"product","link":"https:\/\/deserveit.eu\/it\/produkt\/masterclass-ortal-azizada-kopia-kopia-2\/","title":{"rendered":"Masterclass Ortal Azizada"},"content":{"rendered":"<p>Masterclass di trucco con la star internazionale del trucco Ortal Azizada.<\/p>\n<div class=\"x11i5rnm xat24cr x1mh8g0r x1vvkbs xtlvy1s\">ORTAL AZIZDA \u00e8 una vera e propria maestra del make-up che colpisce per il suo stile e la sua tecnica unici.<\/div>\n<div class=\"x11i5rnm xat24cr x1mh8g0r x1vvkbs xtlvy1s\">La regina del make-up su Instagram e star del trucco da sposa presenter\u00e0 la sua tecnica unica a Roma!<\/div>\n<div class=\"x11i5rnm xat24cr x1mh8g0r x1vvkbs xtlvy1s\"><br class=\"html-br\" \/><span class=\"html-span xexx8yu x4uap5 x18d9i69 xkhd6sd x1hl2dhg x16tdsg8 x1vvkbs x3nfvp2 x1j61x8r x1fcty0u xdj266r xat24cr xgzva0m xhhsvwb xxymvpz xlup9mm x1kky2od\"><img decoding=\"async\" class=\"xz74otr\" src=\"https:\/\/static.xx.fbcdn.net\/images\/emoji.php\/v9\/tcd\/2\/16\/25aa.png\" alt=\"\u25aa\" width=\"16\" height=\"16\" \/>I make-up<\/span> che Ortal Azizada realizzer\u00e0 sono la quintessenza della femminilit\u00e0, che si manifesta attraverso una sottile ma espressiva evidenziazione dei nostri beni.<\/div>\n<div><span class=\"html-span xexx8yu x4uap5 x18d9i69 xkhd6sd x1hl2dhg x16tdsg8 x1vvkbs x3nfvp2 x1j61x8r x1fcty0u xdj266r xat24cr xgzva0m xhhsvwb xxymvpz xlup9mm x1kky2od\"><img decoding=\"async\" class=\"xz74otr\" src=\"https:\/\/static.xx.fbcdn.net\/images\/emoji.php\/v9\/tcd\/2\/16\/25aa.png\" alt=\"\u25aa\" width=\"16\" height=\"16\" \/><\/span>Ortal condivider\u00e0 la sua tecnica magistrale e sveler\u00e0 i segreti del lavoro con le sue clienti. Inoltre, presenter\u00e0 i suoi prodotti preferiti e parler\u00e0 del loro utilizzo nel make-up.<\/div>\n<div><span class=\"html-span xexx8yu x4uap5 x18d9i69 xkhd6sd x1hl2dhg x16tdsg8 x1vvkbs x3nfvp2 x1j61x8r x1fcty0u xdj266r xat24cr xgzva0m xhhsvwb xxymvpz xlup9mm x1kky2od\"><img decoding=\"async\" class=\"xz74otr\" src=\"https:\/\/static.xx.fbcdn.net\/images\/emoji.php\/v9\/tcd\/2\/16\/25aa.png\" alt=\"\u25aa\" width=\"16\" height=\"16\" \/><\/span>Durante il workshop, Ortal presenter\u00e0 2 make-up look che sono amati dalle clienti di tutto il mondo! Sono caratterizzati da una straordinaria leggerezza, purezza e allo stesso tempo espressivit\u00e0!<\/div>\n<div><br class=\"html-br\" \/>Ortal ha gi\u00e0 tenuto le sue masterclass internazionali in Polonia, Parigi, Regno Unito, Stati Uniti, Grecia, Parigi e Italia, ed \u00e8 ora di farne un&#8217;altra!<\/div>\n<div>Alcune parole di Ortal:<br \/>\n\"Mi chiamo Ortal Azizada, sono una make-up artist internazionale che ha lavorato con migliaia di spose e clienti per diverse occasioni. Nel corso degli anni ho sviluppato tecniche speciali con un&#8217;ampia gamma di texture e metodi di applicazione per un trucco a lunga durata.<br \/>\nLa mia masterclass \u00e8 pensata per darti la formazione necessaria per avere successo nella tua carriera di truccatrice professionista. Ti mostrer\u00f2 come creare un make-up con un look glamour e radioso, pronto per il red carpet, incluso come disegnare magnificamente la forma degli occhi con le ciglia e tanti consigli che potrai utilizzare sulle tue clienti\".<\/div>\n<p><span class=\"html-span xexx8yu x4uap5 x18d9i69 xkhd6sd x1hl2dhg x16tdsg8 x1vvkbs x3nfvp2 x1j61x8r x1fcty0u xdj266r xat24cr xgzva0m xhhsvwb xxymvpz xlup9mm x1kky2od\"><img decoding=\"async\" class=\"xz74otr\" src=\"https:\/\/static.xx.fbcdn.net\/images\/emoji.php\/v9\/t92\/2\/16\/1f539.png\" alt=\"\ud83d\udd39\" width=\"16\" height=\"16\" \/><\/span>Sono benvenuti sia i professionisti che i truccatori principianti, tutti gli appassionati di make-up che vogliono ampliare la propria tecnica di lavoro!<\/p>\n<p>Sar\u00e0 disponibile un servizio di traduzione simultanea dall&#8217;inglese all&#8217;italiano.<\/p>\n<p>L&#8217;evento si terr\u00e0 presso:<\/p>\n<p>InterContinental Rome Ambasciatori Palace by IHG<br \/>\nVia Vittorio Veneto 62 Roma, 00187 Italia<\/p>\n<p>Programma:<\/p>\n<p>30.11 - DIMOSTRAZIONI DI TRUCCO<\/p>\n<p>09:00 -10:00 registrazione dei partecipanti<br \/>\n10:00 - 12:30 primo make-up show<br \/>\n12:30 - 13:30 pausa caff\u00e8 \/ pranzo \/ foto<br \/>\n13:30 - 16:00 secondo make-up show<br \/>\n16:00 - 17:00 foto, fine del workshop<\/p>\n<p>01.12 - LABORATORIO PRATICO<\/p>\n<p>9:00 - 12:00 Gruppo 1<br \/>\n13:00-16:00 Gruppo 2<\/p>\n<p>Cosa includono i biglietti?<\/p>\n<p>Biglietto standard<br \/>\n-partecipazione a 2 spettacoli di trucco con Ortal Azizada trasmessi in diretta su schermi Full HD<br \/>\n-certificato di partecipazione<br \/>\n-coffee break<br \/>\n-Borsa regalo<\/p>\n<p>Biglietto VIP standard<br \/>\n-partecipazione a 2 dimostrazioni di make-up con Ortal Azizada trasmesse in diretta su schermi Full HD<br \/>\n-posto a sedere nelle prime 2 file<br \/>\n-certificato di partecipazione<br \/>\n-coffee break<br \/>\n-Borsa regalo<\/p>\n<p>Biglietto premium<br \/>\n-partecipazione a 2 spettacoli di trucco con Ortal Azizada trasmessi in diretta su schermi Full HD<br \/>\n-laboratori pratici 01.12 (Non forniamo modelli per la parte pratica! )<br \/>\n-certificato di partecipazione<br \/>\n-pause caff\u00e8<br \/>\n-Borsa regalo<\/p>\n<p>Biglietto Premium VIP<br \/>\n- partecipazione a 2 spettacoli di make-up con Ortal Azizada trasmessi in diretta su schermi Full HD<br \/>\n- workshop pratico 01.12 (Non forniamo modelli per la parte pratica!)<br \/>\n- posto nelle prime 2 file<br \/>\n- certificato di partecipazione<br \/>\n- coffee break<br \/>\n- BORSA REGALO<\/p>\n<p><strong>*Nota: ALLE PERSONE CHE PARTECIPANO ALLA PARTE PRATICA - Non forniamo modelli! I modelli vanno organizzati autonomamente. Si prega di richiedere i modelli al massimo una settimana prima dell&#8217;evento. <\/strong><br \/>\n<strong>I laboratori pratici si svolgono il 01.12.<\/strong><\/p>\n<p>PORTA CON TE PENNELLI, MASCARA, SPUGNE, CIGLIA FINTE E I TUOI COSMETICI PREFERITI. Inoltre, ci sar\u00e0 l&#8217;opportunit\u00e0 di testare i cosmetici Ortal.<\/p>\n","protected":false},"excerpt":{"rendered":"<p>Masterclass di trucco con la star internazionale del trucco Ortal Azizada.<\/p>\n<div class=\"x11i5rnm xat24cr x1mh8g0r x1vvkbs xtlvy1s\">ORTAL AZIZDA \u00e8 una vera e propria maestra del make-up che colpisce per il suo stile e la sua tecnica unici.<\/div>\n<div class=\"x11i5rnm xat24cr x1mh8g0r x1vvkbs xtlvy1s\">La regina del make-up su Instagram e star del trucco da sposa presenter\u00e0 la sua tecnica unica a Roma!<\/div>\n<div class=\"x11i5rnm xat24cr x1mh8g0r x1vvkbs xtlvy1s\"><\/div>\n<div><span class=\"html-span xexx8yu x4uap5 x18d9i69 xkhd6sd x1hl2dhg x16tdsg8 x1vvkbs x3nfvp2 x1j61x8r x1fcty0u xdj266r xat24cr xgzva0m xhhsvwb xxymvpz xlup9mm x1kky2od\"><img decoding=\"async\" class=\"xz74otr\" src=\"https:\/\/static.xx.fbcdn.net\/images\/emoji.php\/v9\/tcd\/2\/16\/25aa.png\" alt=\"\u25aa\" width=\"16\" height=\"16\" \/><\/span>Ortal condivider\u00e0 la sua tecnica magistrale e sveler\u00e0 i segreti del lavoro con le sue clienti. Presenter\u00e0 inoltre i suoi prodotti preferiti e parler\u00e0 del loro utilizzo nel make-up.<\/div>\n<div><span class=\"html-span xexx8yu x4uap5 x18d9i69 xkhd6sd x1hl2dhg x16tdsg8 x1vvkbs x3nfvp2 x1j61x8r x1fcty0u xdj266r xat24cr xgzva0m xhhsvwb xxymvpz xlup9mm x1kky2od\"><img decoding=\"async\" class=\"xz74otr\" src=\"https:\/\/static.xx.fbcdn.net\/images\/emoji.php\/v9\/tcd\/2\/16\/25aa.png\" alt=\"\u25aa\" width=\"16\" height=\"16\" \/><\/span>Durante il workshop, Ortal presenter\u00e0 due make-up: da sposa e da sera, che sono amati dalle clienti di tutto il mondo!<\/div>\n<p>Il secondo giorno includer\u00e0 anche una parte pratica del workshop per un numero limitato di persone.<\/p>\n<p>Sar\u00e0 disponibile un servizio di traduzione simultanea dall&#8217;inglese all&#8217;italiano.<\/p>\n<p>L&#8217;evento si terr\u00e0 presso:<br \/>\nInterContinental Rome Ambasciatori Palace by IHG<br \/>\nVia Vittorio Veneto 62 Roma, 00187 Italia<\/p>\n<p>Biglietti disponibili:<br \/>\nSTANDARD - 2 spettacoli di trucco<br \/>\nSTANDARD VIP - 2 spettacoli di trucco + un posto nelle prime 2 file<br \/>\nPREMIUM - 2 spettacoli di trucco + parte pratica<br \/>\nPREMIUM VIP - 2 spettacoli di trucco + parte pratica + un posto nelle prime 2 file<\/p>\n","protected":false},"featured_media":2949,"comment_status":"closed","ping_status":"closed","template":"","meta":[],"product_brand":[],"product_cat":[39],"product_tag":[],"class_list":{"0":"post-2045","1":"product","2":"type-product","3":"status-publish","4":"has-post-thumbnail","6":"product_cat-masterclass-it","8":"first","9":"instock","10":"taxable","11":"shipping-taxable","12":"product-type-variable"},"_links":{"self":[{"href":"https:\/\/deserveit.eu\/it\/wp-json\/wp\/v2\/product\/2045","targetHints":{"allow":["GET"]}}],"collection":[{"href":"https:\/\/deserveit.eu\/it\/wp-json\/wp\/v2\/product"}],"about":[{"href":"https:\/\/deserveit.eu\/it\/wp-json\/wp\/v2\/types\/product"}],"replies":[{"embeddable":true,"href":"https:\/\/deserveit.eu\/it\/wp-json\/wp\/v2\/comments?post=2045"}],"wp:featuredmedia":[{"embeddable":true,"href":"https:\/\/deserveit.eu\/it\/wp-json\/wp\/v2\/media\/2949"}],"wp:attachment":[{"href":"https:\/\/deserveit.eu\/it\/wp-json\/wp\/v2\/media?parent=2045"}],"wp:term":[{"taxonomy":"product_brand","embeddable":true,"href":"https:\/\/deserveit.eu\/it\/wp-json\/wp\/v2\/product_brand?post=2045"},{"taxonomy":"product_cat","embeddable":true,"href":"https:\/\/deserveit.eu\/it\/wp-json\/wp\/v2\/product_cat?post=2045"},{"taxonomy":"product_tag","embeddable":true,"href":"https:\/\/deserveit.eu\/it\/wp-json\/wp\/v2\/product_tag?post=2045"}],"curies":[{"name":"wp","href":"https:\/\/api.w.org\/{rel}","templated":true}]}}